{"id":665,"date":"2019-02-04T22:02:05","date_gmt":"2019-02-04T19:02:05","guid":{"rendered":"http:\/\/trockist.net\/?page_id=665"},"modified":"2019-04-16T12:59:52","modified_gmt":"2019-04-16T09:59:52","slug":"hakkimizda","status":"publish","type":"page","link":"https:\/\/trockist.net\/index.php\/hakkimizda\/","title":{"rendered":"Hakk\u0131m\u0131zda"},"content":{"rendered":"<p>Bu yay\u0131n haz\u0131rlad\u0131\u011f\u0131m\u0131z ilk politik\/teorik ileti\u015fim ve tart\u0131\u015fma arac\u0131 de\u011fil. Muhtemelen de sonuncusu olmayacak. S\u0131n\u0131f m\u00fccadelesinin ihtiya\u00e7lar\u0131 gere\u011fince, neredeyse elli y\u0131la varan bir devrimci Marksist in\u015fa s\u00fcreci boyunca benzer pek \u00e7ok ara\u00e7lar geli\u015ftirdik. Amac\u0131m\u0131z her zaman Marksist teoriyi ve politikay\u0131 her t\u00fcrl\u00fc reformist, Stalinist, ikameci ve\/veya anar\u015fizan sald\u0131r\u0131lara kar\u015f\u0131 savunmak ve g\u00fcn\u00fcn sosyalizm m\u00fccadelesine \u0131\u015f\u0131k tutmas\u0131n\u0131 sa\u011flamaya \u00e7al\u0131\u015fmak oldu.<\/p>\n<p><!-- \/wp:paragraph --><\/p>\n<p><!-- wp:paragraph -->Bug\u00fcn de bu ihtiya\u00e7 s\u00fcr\u00fcyor. Devrimci sosyalizm m\u00fccadelesinin \u00fczerine d\u00fc\u015fm\u00fc\u015f olan Stalinizm karanl\u0131\u011f\u0131n\u0131n Sovyet b\u00fcrokrasisine kar\u015f\u0131 verilen 1989 m\u00fccadeleleriyle birlikte da\u011f\u0131lmaya ba\u015flamas\u0131ndan sonra, i\u015f\u00e7i s\u0131n\u0131f\u0131 hareketinin \u00fczerine ba\u015fka t\u00fcrden b\u00fcrokratik, reformist ve kar\u015f\u0131devrimci karart\u0131lar \u00fc\u015f\u00fc\u015fmeye ba\u015flad\u0131. Emperyalist \u00e7a\u011f\u0131n sona erdi\u011fini iddia eden Negrici \u201c\u00e7okluk\u201d hareket\u00e7ili\u011finden Chavezci \u201cmiliter-burjuva sosyalizmi\u201dne kadar pek \u00e7ok ak\u0131m d\u00fcnya \u00f6l\u00e7e\u011finde sosyalizm m\u00fccadelesini ciddi bi\u00e7imde etkiledi. Kom\u00fcnist d\u00fc\u015f\u00fcncenin Stalinist \u00e7arp\u0131tmas\u0131ndan uzakla\u015fmaya \u00e7al\u0131\u015fan pek \u00e7ok samimi aktivist bu ak\u0131mlar\u0131n a\u011f\u0131na d\u00fc\u015ft\u00fc. Bunda elbette, devrimci Marksist ak\u0131m\u0131n yetersizliklerinin yan\u0131 s\u0131ra, arka kap\u0131dan tekrar i\u00e7eri girmeye \u00e7al\u0131\u015fan yeni (ve tabii eski) Stalinist ak\u0131mlar\u0131n oport\u00fcnist manevralar\u0131 da etkili oldu.<\/p>\n<p><!-- \/wp:paragraph --><\/p>\n<p><!-- wp:paragraph -->Bu a\u00e7\u0131dan, yay\u0131n\u0131m\u0131z\u0131n en \u00f6nemli hedeflerinden biri, devrimci Marksizmi bu anlay\u0131\u015flara kar\u015f\u0131 savunmak, bu do\u011frultuda ger\u00e7ek devrimcilerle ileti\u015fimi ve tart\u0131\u015fmay\u0131 s\u00fcrd\u00fcrmek olacak. Ve tabii buna ba\u011fl\u0131 olarak da devrimci proleter program\u0131 geli\u015ftirmek, onu m\u00fccadeleci \u00f6nc\u00fclere iletmek, bunu onlarla tart\u0131\u015fmak ve devrimci partinin in\u015fas\u0131n\u0131 s\u00fcrd\u00fcrmek\u2026<\/p>\n<p><!-- \/wp:paragraph --><\/p>\n<p><!-- wp:paragraph -->Tam bu noktada, yay\u0131n\u0131n ad\u0131n\u0131n neden \u201cTro\u00e7kist\u201d oldu\u011fu sorusu gelebilir. \u00c7\u00fcnk\u00fc biz devrimci Marksistler bu s\u0131fatla tan\u0131n\u0131yoruz. \u00c7\u00fcnk\u00fc bu s\u0131fat nedeniyle sadece h\u00e2kim s\u0131n\u0131flar\u0131n de\u011fil, yobaz Stalinistlerin de sald\u0131r\u0131lar\u0131na u\u011frad\u0131k\u2026 Ama her zaman devrimci Marksist teoriyi, program\u0131, partiyi ve eylemi t\u00fcm sald\u0131r\u0131lara kar\u015f\u0131 savunup geli\u015ftirenlerin biz Tro\u00e7kistler oldu\u011fumuz fikrinden ayr\u0131lmad\u0131k. \u0130\u015f\u00e7i s\u0131n\u0131f\u0131 bir g\u00fcn t\u00fcm insanl\u0131\u011f\u0131 barbarl\u0131ktan kurtarmaya \u00f6nc\u00fcl\u00fck edecekse, bu Marksizm-Leninizmin \u00e7a\u011f\u0131m\u0131zdaki s\u00fcrd\u00fcr\u00fcc\u00fcs\u00fc olan Tro\u00e7kizmin enternasyonalist bayra\u011f\u0131 alt\u0131nda olacakt\u0131r. Bu nedenle biz Tro\u00e7kistiz\u2026<\/p>\n<p><!-- \/wp:paragraph --><\/p>\n\n<!-- wp:paragraph -->\n<p><strong>Yay\u0131n Kurulu<\/strong><\/p>\n<!-- \/wp:paragraph -->\n\n\n\n<!-- wp:paragraph -->\n<p><\/p>\n<!-- \/wp:paragraph -->","protected":false},"excerpt":{"rendered":"<p>Bu yay\u0131n haz\u0131rlad\u0131\u011f\u0131m\u0131z ilk politik\/teorik ileti\u015fim ve tart\u0131\u015fma arac\u0131 de\u011fil. Muhtemelen de sonuncusu olmayacak. S\u0131n\u0131f m\u00fccadelesinin ihtiya\u00e7lar\u0131 gere\u011fince, neredeyse elli y\u0131la varan bir devrimci Marksist in\u015fa s\u00fcreci boyunca benzer pek \u00e7ok ara\u00e7lar geli\u015ftirdik. Amac\u0131m\u0131z her zaman Marksist teoriyi ve politikay\u0131 her t\u00fcrl\u00fc reformist, Stalinist, ikameci ve\/veya anar\u015fizan sald\u0131r\u0131lara kar\u015f\u0131 savunmak ve g\u00fcn\u00fcn sosyalizm m\u00fccadelesine \u0131\u015f\u0131k [&hellip;]<\/p>\n","protected":false},"author":8,"featured_media":1235,"parent":0,"menu_order":0,"comment_status":"closed","ping_status":"closed","template":"","meta":{"_exactmetrics_skip_tracking":false,"_exactmetrics_sitenote_active":false,"_exactmetrics_sitenote_note":"","_exactmetrics_sitenote_category":0,"footnotes":""},"class_list":["post-665","page","type-page","status-publish","has-post-thumbnail","hentry"],"_links":{"self":[{"href":"https:\/\/trockist.net\/index.php\/wp-json\/wp\/v2\/pages\/665","targetHints":{"allow":["GET"]}}],"collection":[{"href":"https:\/\/trockist.net\/index.php\/wp-json\/wp\/v2\/pages"}],"about":[{"href":"https:\/\/trockist.net\/index.php\/wp-json\/wp\/v2\/types\/page"}],"author":[{"embeddable":true,"href":"https:\/\/trockist.net\/index.php\/wp-json\/wp\/v2\/users\/8"}],"replies":[{"embeddable":true,"href":"https:\/\/trockist.net\/index.php\/wp-json\/wp\/v2\/comments?post=665"}],"version-history":[{"count":13,"href":"https:\/\/trockist.net\/index.php\/wp-json\/wp\/v2\/pages\/665\/revisions"}],"predecessor-version":[{"id":1248,"href":"https:\/\/trockist.net\/index.php\/wp-json\/wp\/v2\/pages\/665\/revisions\/1248"}],"wp:featuredmedia":[{"embeddable":true,"href":"https:\/\/trockist.net\/index.php\/wp-json\/wp\/v2\/media\/1235"}],"wp:attachment":[{"href":"https:\/\/trockist.net\/index.php\/wp-json\/wp\/v2\/media?parent=665"}],"curies":[{"name":"wp","href":"https:\/\/api.w.org\/{rel}","templated":true}]}}