{"id":1835,"date":"2020-05-23T01:12:10","date_gmt":"2020-05-22T22:12:10","guid":{"rendered":"http:\/\/trockist.net\/?page_id=1835"},"modified":"2020-05-23T01:12:10","modified_gmt":"2020-05-22T22:12:10","slug":"yayin-ilkelerimiz","status":"publish","type":"page","link":"https:\/\/trockist.net\/index.php\/yayin-ilkelerimiz\/","title":{"rendered":"Yay\u0131n \u0130lkelerimiz"},"content":{"rendered":"\n<p><em>Tro<\/em><em>\u00e7kist<\/em>\u2019in en \u00f6nemli hedeflerinden biri, devrimci Marksizm\u2019i savunmak, bu do\u011frultuda ger\u00e7ek devrimcilerle ileti\u015fimi ve tart\u0131\u015fmay\u0131 s\u00fcrd\u00fcrmek. Ve tabii buna ba\u011fl\u0131 olarak da devrimci proleter program\u0131 geli\u015ftirmek, onu m\u00fccadeleci \u00f6nc\u00fclere iletmek, bunu onlarla tart\u0131\u015fmak ve devrimci partinin in\u015fas\u0131n\u0131 s\u00fcrd\u00fcrmek.<\/p>\n\n\n\n<p>Bu anlamda <em>Tro<\/em><em>\u00e7kist<\/em>, do\u011fas\u0131 gere\u011fi devrimci Marksist teoriyi yaymak, analizler geli\u015ftirmek ve politik tart\u0131\u015fmay\u0131 derinle\u015ftirmek i\u00e7in tasarlanm\u0131\u015f bir alan. Dahas\u0131, belirli ilkelere uymak kayd\u0131yla \u00fcretmek, ele\u015ftirmek ve tart\u0131\u015fmak isteyen herkese a\u00e7\u0131k bir alan.<\/p>\n\n\n\n<p>Yeter ki bir \u0131rk\u0131n di\u011ferinden \u00fcst\u00fcn oldu\u011funu savunanlar, cinsiyet\u00e7iler, m\u00fclk sahibi s\u0131n\u0131flar\u0131n, liberalizmin, kar\u015f\u0131devrimci, s\u0131n\u0131f i\u015fbirlik\u00e7i ve b\u00fcrokratik ak\u0131mlar\u0131n destek\u00e7ileri, diyalektik ve tarihsel materyalist y\u00f6nteme burun k\u0131v\u0131ranlar, idealist, dinsel, metafizik, ezoterik ve komplocu yorumcular bizden uzak dursunlar.<\/p>\n\n\n\n<p>G\u00f6\u011f\u00fc fethe \u00e7\u0131kan Paris kom\u00fcnarlar\u0131ndan, Marx ve Engels&#8217;ten, Iskra&#8217;dan, Bol\u015feviklerden, K\u0131z\u0131l Ekim&#8217;den, Lenin ve Tro\u00e7ki&#8217;den, kad\u0131nlar\u0131n kurtulu\u015f m\u00fccadelesinden, g\u00fcnd\u00fczlerinde s\u00f6m\u00fcr\u00fclmeyen, gecelerinde a\u00e7 yat\u0131lmayan yeni bir d\u00fcnya \u00f6zleminden ilham al\u0131yorsan\u0131z do\u011fru yerdesiniz.<\/p>\n\n\n\n<p>\u00dcrettiklerinizi bizimle payla\u015fmak istiyorsan\u0131z ve sitemizde yay\u0131mlanmas\u0131n\u0131 diliyorsan\u0131z:<\/p>\n\n\n\n<ul class=\"wp-block-list\"><li>Metinleriniz minimum 10.000 karakter s\u0131n\u0131r\u0131nda olmal\u0131 ve metindeki arg\u00fcmanlar\u0131n\u0131z mutlaka dipnot, kaynak, bibliyografya benzeri ara\u00e7larla desteklenmelidir.<\/li><\/ul>\n\n\n\n<ul class=\"wp-block-list\"><li>Metinleriniz, .doc ya da .docx format\u0131nda taraf\u0131m\u0131za e-posta arac\u0131l\u0131\u011f\u0131yla iletilmelidir.<\/li><\/ul>\n\n\n\n<ul class=\"wp-block-list\"><li>Dil bilgisi ve yaz\u0131m kurallar\u0131 i\u00e7in kayna\u011f\u0131m\u0131z \u00d6mer As\u0131m Aksoy\u2019un <em>Ana Yaz\u0131<\/em><em>m K\u0131lavuzu<\/em>\u2019dur.<\/li><\/ul>\n\n\n\n<ul class=\"wp-block-list\"><li>Makaleler, trockist.dergi@gmail.com e-posta adresine g\u00f6nderilmelidir.<\/li><\/ul>\n","protected":false},"excerpt":{"rendered":"<p>Tro\u00e7kist\u2019in en \u00f6nemli hedeflerinden biri, devrimci Marksizm\u2019i savunmak, bu do\u011frultuda ger\u00e7ek devrimcilerle ileti\u015fimi ve tart\u0131\u015fmay\u0131 s\u00fcrd\u00fcrmek. Ve tabii buna ba\u011fl\u0131 olarak da devrimci proleter program\u0131 geli\u015ftirmek, onu m\u00fccadeleci \u00f6nc\u00fclere iletmek, bunu onlarla tart\u0131\u015fmak ve devrimci partinin in\u015fas\u0131n\u0131 s\u00fcrd\u00fcrmek. Bu anlamda Tro\u00e7kist, do\u011fas\u0131 gere\u011fi devrimci Marksist teoriyi yaymak, analizler geli\u015ftirmek ve politik tart\u0131\u015fmay\u0131 derinle\u015ftirmek i\u00e7in tasarlanm\u0131\u015f [&hellip;]<\/p>\n","protected":false},"author":1,"featured_media":0,"parent":0,"menu_order":0,"comment_status":"closed","ping_status":"closed","template":"","meta":{"_exactmetrics_skip_tracking":false,"_exactmetrics_sitenote_active":false,"_exactmetrics_sitenote_note":"","_exactmetrics_sitenote_category":0,"footnotes":""},"class_list":["post-1835","page","type-page","status-publish","hentry"],"_links":{"self":[{"href":"https:\/\/trockist.net\/index.php\/wp-json\/wp\/v2\/pages\/1835","targetHints":{"allow":["GET"]}}],"collection":[{"href":"https:\/\/trockist.net\/index.php\/wp-json\/wp\/v2\/pages"}],"about":[{"href":"https:\/\/trockist.net\/index.php\/wp-json\/wp\/v2\/types\/page"}],"author":[{"embeddable":true,"href":"https:\/\/trockist.net\/index.php\/wp-json\/wp\/v2\/users\/1"}],"replies":[{"embeddable":true,"href":"https:\/\/trockist.net\/index.php\/wp-json\/wp\/v2\/comments?post=1835"}],"version-history":[{"count":1,"href":"https:\/\/trockist.net\/index.php\/wp-json\/wp\/v2\/pages\/1835\/revisions"}],"predecessor-version":[{"id":1836,"href":"https:\/\/trockist.net\/index.php\/wp-json\/wp\/v2\/pages\/1835\/revisions\/1836"}],"wp:attachment":[{"href":"https:\/\/trockist.net\/index.php\/wp-json\/wp\/v2\/media?parent=1835"}],"curies":[{"name":"wp","href":"https:\/\/api.w.org\/{rel}","templated":true}]}}